{"id":39740,"date":"2023-07-24T20:08:03","date_gmt":"2023-07-24T20:08:03","guid":{"rendered":"https:\/\/business-one.local\/?page_id=7"},"modified":"2026-04-22T22:34:55","modified_gmt":"2026-04-22T22:34:55","slug":"inicio","status":"publish","type":"page","link":"https:\/\/nalasys.mx\/","title":{"rendered":"Inicio"},"content":{"rendered":"\n<div class=\"gbp-section gb-element-d0d5424d\">\n<div class=\"gb-element-8f9d2814\">\n<img loading=\"lazy\" decoding=\"async\" width=\"1000\" height=\"750\" class=\"gb-media-f2c76d51\" src=\"https:\/\/nalasys.mx\/wp-content\/uploads\/2025\/01\/linkedin-sales-solutions-1A8yP_5msac-unsplash.jpg\" title=\"linkedin-sales-solutions-1A8yP_5msac-unsplash\" alt=\"\" srcset=\"https:\/\/nalasys.mx\/wp-content\/uploads\/2025\/01\/linkedin-sales-solutions-1A8yP_5msac-unsplash.jpg 1000w, https:\/\/nalasys.mx\/wp-content\/uploads\/2025\/01\/linkedin-sales-solutions-1A8yP_5msac-unsplash-300x225.jpg 300w, https:\/\/nalasys.mx\/wp-content\/uploads\/2025\/01\/linkedin-sales-solutions-1A8yP_5msac-unsplash-768x576.jpg 768w\" sizes=\"auto, (max-width: 1000px) 100vw, 1000px\" \/>\n<\/div>\n\n\n\n<span class=\"gb-shape gb-shape-bde5e483 gb-shape--divider\"><svg viewBox=\"0 0 400 26\" xmlns=\"http:\/\/www.w3.org\/2000\/svg\" id=\"Layer_1\" preserveAspectRatio=\"none\">\n  <path d=\"M340.4,0H0v26h400l-45.31-22.63c-4.44-2.22-9.34-3.37-14.3-3.37Z\"><\/path>\n<\/svg><\/span>\n\n\n\n<div class=\"gbp-section__inner gb-element-a5088aad\">\n<div class=\"gb-element-07950eaf\">\n<h1 class=\"gb-text gb-text-b5f849e1\">Solucionamos la operaci\u00f3n tecnol\u00f3gica de tu empresa<\/h1>\n\n\n\n<p class=\"gb-text gb-text-a492bae7\">Infraestructura TI, soporte t\u00e9cnico especializado, facturaci\u00f3n con sistemasASPEL, redes y desarrollo web en un solo proveedor.<\/p>\n<\/div>\n\n\n\n<div class=\"gb-element-ef476d1d\">\n<a class=\"gb-text gbp-button--secondary\" href=\"https:\/\/nalasys.mx\/?page_id=486\">Solicitar diagn\u00f3stico<\/a>\n\n\n\n<a class=\"gbp-button--tertiary gb-text-91bf37f3\" href=\"https:\/\/sites.generatepress.com\/electrician\/contact\/\"><span class=\"gb-text\">Ver servicios<\/span><span class=\"gb-shape\"><svg viewBox=\"0 0 256 256\" height=\"32\" width=\"32\" xmlns=\"http:\/\/www.w3.org\/2000\/svg\"><path d=\"M224.49,136.49l-72,72a12,12,0,0,1-17-17L187,140H40a12,12,0,0,1,0-24H187L135.51,64.48a12,12,0,0,1,17-17l72,72A12,12,0,0,1,224.49,136.49Z\"><\/path><\/svg><\/span><\/a>\n<\/div>\n<\/div>\n<\/div>\n\n\n\n<div class=\"gb-element-b8a2b9cc\">\n<div class=\"gb-element-bd6028b9\">\n<p class=\"gb-text-5d990973\"><span class=\"gb-shape\"><svg viewBox=\"0 0 16 16\" class=\"bi bi-trophy\" height=\"16\" width=\"16\" xmlns=\"http:\/\/www.w3.org\/2000\/svg\">   <path d=\"M2.5.5A.5.5 0 0 1 3 0h10a.5.5 0 0 1 .5.5c0 .538-.012 1.05-.034 1.536a3 3 0 1 1-1.133 5.89c-.79 1.865-1.878 2.777-2.833 3.011v2.173l1.425.356c.194.048.377.135.537.255L13.3 15.1a.5.5 0 0 1-.3.9H3a.5.5 0 0 1-.3-.9l1.838-1.379c.16-.12.343-.207.537-.255L6.5 13.11v-2.173c-.955-.234-2.043-1.146-2.833-3.012a3 3 0 1 1-1.132-5.89A33.076 33.076 0 0 1 2.5.5zm.099 2.54a2 2 0 0 0 .72 3.935c-.333-1.05-.588-2.346-.72-3.935zm10.083 3.935a2 2 0 0 0 .72-3.935c-.133 1.59-.388 2.885-.72 3.935zM3.504 1c.007.517.026 1.006.056 1.469.13 2.028.457 3.546.87 4.667C5.294 9.48 6.484 10 7 10a.5.5 0 0 1 .5.5v2.61a1 1 0 0 1-.757.97l-1.426.356a.5.5 0 0 0-.179.085L4.5 15h7l-.638-.479a.501.501 0 0 0-.18-.085l-1.425-.356a1 1 0 0 1-.757-.97V10.5A.5.5 0 0 1 9 10c.516 0 1.706-.52 2.57-2.864.413-1.12.74-2.64.87-4.667.03-.463.049-.952.056-1.469H3.504z\"><\/path> <\/svg><\/span><span class=\"gb-text\"> Soporte TI especializado y Seguridad para tu empresa<\/span><\/p>\n\n\n\n<p class=\"gb-text gb-text-e7bfa828\">Te brindamos apoyo integral para que no pare tu operaci\u00f3n<\/p>\n<\/div>\n\n\n\n<div class=\"gb-element-1e96e0e3\">\n<p class=\"gb-text-2b71eb8c\"><span class=\"gb-shape\"><svg viewBox=\"0 0 16 16\" class=\"bi bi-lock\" height=\"16\" width=\"16\" xmlns=\"http:\/\/www.w3.org\/2000\/svg\">   <path d=\"M8 1a2 2 0 0 1 2 2v4H6V3a2 2 0 0 1 2-2zm3 6V3a3 3 0 0 0-6 0v4a2 2 0 0 0-2 2v5a2 2 0 0 0 2 2h6a2 2 0 0 0 2-2V9a2 2 0 0 0-2-2zM5 8h6a1 1 0 0 1 1 1v5a1 1 0 0 1-1 1H5a1 1 0 0 1-1-1V9a1 1 0 0 1 1-1z\"><\/path> <\/svg><\/span><span class=\"gb-text\">Desarrollo web y marketing profesional<\/span><\/p>\n\n\n\n<p class=\"gb-text gb-text-21db526f\">Desarrollamos tu sitio y tu marca para posicionarte en la web<\/p>\n<\/div>\n\n\n\n<div class=\"gb-element-03ac25cf\">\n<p class=\"gb-text-5cf784a7\"><span class=\"gb-shape\"><svg viewBox=\"0 0 16 16\" class=\"bi bi-shield-check\" height=\"16\" width=\"16\" xmlns=\"http:\/\/www.w3.org\/2000\/svg\">   <path d=\"M5.338 1.59a61.44 61.44 0 0 0-2.837.856.481.481 0 0 0-.328.39c-.554 4.157.726 7.19 2.253 9.188a10.725 10.725 0 0 0 2.287 2.233c.346.244.652.42.893.533.12.057.218.095.293.118a.55.55 0 0 0 .101.025.615.615 0 0 0 .1-.025c.076-.023.174-.061.294-.118.24-.113.547-.29.893-.533a10.726 10.726 0 0 0 2.287-2.233c1.527-1.997 2.807-5.031 2.253-9.188a.48.48 0 0 0-.328-.39c-.651-.213-1.75-.56-2.837-.855C9.552 1.29 8.531 1.067 8 1.067c-.53 0-1.552.223-2.662.524zM5.072.56C6.157.265 7.31 0 8 0s1.843.265 2.928.56c1.11.3 2.229.655 2.887.87a1.54 1.54 0 0 1 1.044 1.262c.596 4.477-.787 7.795-2.465 9.99a11.775 11.775 0 0 1-2.517 2.453 7.159 7.159 0 0 1-1.048.625c-.28.132-.581.24-.829.24s-.548-.108-.829-.24a7.158 7.158 0 0 1-1.048-.625 11.777 11.777 0 0 1-2.517-2.453C1.928 10.487.545 7.169 1.141 2.692A1.54 1.54 0 0 1 2.185 1.43 62.456 62.456 0 0 1 5.072.56z\"><\/path>   <path d=\"M10.854 5.146a.5.5 0 0 1 0 .708l-3 3a.5.5 0 0 1-.708 0l-1.5-1.5a.5.5 0 1 1 .708-.708L7.5 7.793l2.646-2.647a.5.5 0 0 1 .708 0z\"><\/path> <\/svg><\/span><span class=\"gb-text\">Asesor\u00eda administrativa y soluciones integrales <\/span><\/p>\n\n\n\n<p class=\"gb-text gb-text-d08076d4\">Manejamos tu facturaci\u00f3n y solucionamos lo que tu empresa necesite<\/p>\n<\/div>\n<\/div>\n\n\n\n<div class=\"gbp-section gb-element-31c1bc7d\">\n<div class=\"gbp-section__inner gb-element-e4df4dfb\">\n<div class=\"gb-element-e608466b\">\n<div>\n<p class=\"gb-text gbp-section__tagline\">QU\u00e9 es nala systems<\/p>\n\n\n\n<h2 class=\"gb-text\">Somos una empresa de soluciones integrales y consultor\u00eda tecnolog\u00edca<\/h2>\n\n\n\n<p class=\"gb-text gb-text-879492f4\">Ofrecemos servicios personalizados de consultor\u00eda, soporte, capacitaci\u00f3n y desarrollo digital, buscamos escalar y transformar tu operaci\u00f3n con innovaci\u00f3n y acompa\u00f1amiento constante, y brindarte siempre soluciones rapidas, eficientes y confiables. Contamos con proveedores y equipo profesional dispuesto siempre a ayudarte con la operaci\u00f3n de tu empresa<\/p>\n\n\n\n<div class=\"gb-element-05c7cf41\">\n<div class=\"gb-element-595c89cd\">\n<span class=\"gb-shape gb-shape-1af24054\"><svg xmlns=\"http:\/\/www.w3.org\/2000\/svg\" width=\"32\" height=\"32\" viewBox=\"0 0 256 256\"><path d=\"M176.49,95.51a12,12,0,0,1,0,17l-56,56a12,12,0,0,1-17,0l-24-24a12,12,0,1,1,17-17L112,143l47.51-47.52A12,12,0,0,1,176.49,95.51ZM236,128A108,108,0,1,1,128,20,108.12,108.12,0,0,1,236,128Zm-24,0a84,84,0,1,0-84,84A84.09,84.09,0,0,0,212,128Z\"><\/path><\/svg><\/span>\n\n\n\n<div>\n<p class=\"gb-text gbp-section__text--lg gb-text-d8f48088\">Fomentamos el crecimiento de nuestros colaboradores<\/p>\n\n\n\n<p class=\"gb-text gbp-section__text--sm gb-text-22db4cc5\">Si tu operaci\u00f3n se fortalece, nosotros nos fortalecemos.<\/p>\n<\/div>\n<\/div>\n\n\n\n<div class=\"gb-element-fefb344b\">\n<span class=\"gb-shape gb-shape-6db1f76e\"><svg xmlns=\"http:\/\/www.w3.org\/2000\/svg\" width=\"32\" height=\"32\" viewBox=\"0 0 256 256\"><path d=\"M176.49,95.51a12,12,0,0,1,0,17l-56,56a12,12,0,0,1-17,0l-24-24a12,12,0,1,1,17-17L112,143l47.51-47.52A12,12,0,0,1,176.49,95.51ZM236,128A108,108,0,1,1,128,20,108.12,108.12,0,0,1,236,128Zm-24,0a84,84,0,1,0-84,84A84.09,84.09,0,0,0,212,128Z\"><\/path><\/svg><\/span>\n\n\n\n<div>\n<p class=\"gb-text gbp-section__text--lg gb-text-6aa44267\">Te damos soluciones personalizadas<\/p>\n\n\n\n<p class=\"gb-text gbp-section__text--sm gb-text-faf3446f\">Estudiamos tu operaci\u00f3n para ofrecerte soluciones puntuales que satisfagan los requerimientos solicitados.<\/p>\n<\/div>\n<\/div>\n\n\n\n<div class=\"gb-element-5b412bcf\">\n<span class=\"gb-shape gb-shape-59d1cb1b\"><svg xmlns=\"http:\/\/www.w3.org\/2000\/svg\" width=\"32\" height=\"32\" viewBox=\"0 0 256 256\"><path d=\"M176.49,95.51a12,12,0,0,1,0,17l-56,56a12,12,0,0,1-17,0l-24-24a12,12,0,1,1,17-17L112,143l47.51-47.52A12,12,0,0,1,176.49,95.51ZM236,128A108,108,0,1,1,128,20,108.12,108.12,0,0,1,236,128Zm-24,0a84,84,0,1,0-84,84A84.09,84.09,0,0,0,212,128Z\"><\/path><\/svg><\/span>\n\n\n\n<div>\n<p class=\"gb-text gbp-section__text--lg gb-text-d074c5e9\">Preparamos el entorno para el futuro.<\/p>\n\n\n\n<p class=\"gb-text gbp-section__text--sm gb-text-e13b1727\">Optimizamos tu operaci\u00f3n y tomamos decisiones pensando en el progreso constante y las posibles incidencias.<\/p>\n<\/div>\n<\/div>\n<\/div>\n<\/div>\n\n\n\n<div class=\"gb-element-18278585\">\n<img loading=\"lazy\" decoding=\"async\" width=\"1000\" height=\"1000\" class=\"gbp--border-radius gb-media-3d49b41c\" src=\"https:\/\/nalasys.mx\/wp-content\/uploads\/2025\/02\/linkedin-sales-solutions-oFMI6CdD7yU-unsplas.jpg\" title=\"linkedin-sales-solutions-oFMI6CdD7yU-unsplas\" srcset=\"https:\/\/nalasys.mx\/wp-content\/uploads\/2025\/02\/linkedin-sales-solutions-oFMI6CdD7yU-unsplas.jpg 1000w, https:\/\/nalasys.mx\/wp-content\/uploads\/2025\/02\/linkedin-sales-solutions-oFMI6CdD7yU-unsplas-300x300.jpg 300w, https:\/\/nalasys.mx\/wp-content\/uploads\/2025\/02\/linkedin-sales-solutions-oFMI6CdD7yU-unsplas-150x150.jpg 150w, https:\/\/nalasys.mx\/wp-content\/uploads\/2025\/02\/linkedin-sales-solutions-oFMI6CdD7yU-unsplas-768x768.jpg 768w\" sizes=\"auto, (max-width: 1000px) 100vw, 1000px\" \/>\n\n\n\n<div class=\"gbp--border-radius gb-element-e7bf95e1\">\n<div class=\"gb-element-50703624\">\n<img loading=\"lazy\" decoding=\"async\" width=\"225\" height=\"225\" class=\"gb-media-632f4443\" src=\"https:\/\/nalasys.mx\/wp-content\/uploads\/2026\/04\/procesos_1-removebg-preview.png\" title=\"procesos_1-removebg-preview\" alt=\"\" srcset=\"https:\/\/nalasys.mx\/wp-content\/uploads\/2026\/04\/procesos_1-removebg-preview.png 225w, https:\/\/nalasys.mx\/wp-content\/uploads\/2026\/04\/procesos_1-removebg-preview-150x150.png 150w\" sizes=\"auto, (max-width: 225px) 100vw, 225px\" \/>\n<\/div>\n\n\n\n<p class=\"gbp-section__text--sm gb-text-5dfb2259\"><span class=\"gb-shape\"><svg xmlns=\"http:\/\/www.w3.org\/2000\/svg\" viewBox=\"0 0 420.08 72.36\"><path d=\"m38.04 0 10.58 25.44 27.46 2.2-20.92 17.92 6.39 26.8L38.04 58 14.53 72.36l6.39-26.8L0 27.64l27.46-2.2L38.04 0Zm86 0 10.58 25.44 27.46 2.2-20.92 17.92 6.39 26.8L124.04 58l-23.51 14.36 6.39-26.8L86 27.64l27.46-2.2L124.04 0Zm86 0 10.58 25.44 27.46 2.2-20.92 17.92 6.39 26.8L210.04 58l-23.51 14.36 6.39-26.8L172 27.64l27.46-2.2L210.04 0Zm86 0 10.58 25.44 27.46 2.2-20.92 17.92 6.39 26.8L296.04 58l-23.51 14.36 6.39-26.8L258 27.64l27.46-2.2L296.04 0Zm86 0 10.58 25.44 27.46 2.2-20.92 17.92 6.39 26.8L382.04 58l-23.51 14.36 6.39-26.8L344 27.64l27.46-2.2L382.04 0Z\"><\/path><\/svg><\/span><span class=\"gb-text\">Optimiza tu operaci\u00f3n<\/span><\/p>\n<\/div>\n<\/div>\n<\/div>\n<\/div>\n<\/div>\n\n\n\n<div class=\"gbp-section gb-element-f691cbab\">\n<span class=\"gb-shape gb-shape-711de1d6 gb-shape--divider\"><svg viewBox=\"0 0 400 27\" xmlns=\"http:\/\/www.w3.org\/2000\/svg\" preserveAspectRatio=\"none\"><path d=\"M400 27H0v-.5h342.71c2.46 0 4.89-.57 7.1-1.66L400 0v27Z\"><\/path><\/svg><\/span>\n\n\n\n<div class=\"gbp-section__inner gb-element-0ee8c405\">\n<div class=\"gb-element-b273cea9\">\n<h2 class=\"gb-text gb-text-8a9d3115\">Contamos con diversos servicios integrales para mantener siempre tu operaci\u00f3n en orden<\/h2>\n\n\n\n<p class=\"gb-text gbp-section__text--lg\">Conoce lo que Nala Systems tiene para ofrecer a tu empresa<\/p>\n<\/div>\n\n\n\n<div class=\"gb-element-9d0638c2\">\n<div class=\"gbp--box-shadow gb-element-96a4ce57\">\n<img loading=\"lazy\" decoding=\"async\" width=\"768\" height=\"576\" class=\"gbp--border-radius gb-media-72a8ec25\" src=\"https:\/\/sites.generatepress.com\/bookkeeping\/wp-content\/uploads\/sites\/151\/carlos-muza-hpjSkU2UYSU-unsplash-768x576.jpg\" title=\"carlos-muza-hpjSkU2UYSU-unsplash\"\/>\n\n\n\n<div class=\"gbp--border-radius gb-element-8d39fbe9\">\n<h3 class=\"gb-text\">Soluciones y Mantenimiento t\u00e9cnico <\/h3>\n\n\n\n<p class=\"gb-text\">Prevenci\u00f3n, correcci\u00f3n y soporte continuo para evitar fallas operativas.<\/p>\n\n\n\n<a class=\"gbp-button--tertiary\" href=\"https:\/\/nalasys.mx\/?page_id=486\"><span class=\"gb-text\">Ver mas<\/span><span class=\"gb-shape\"><svg viewBox=\"0 0 256 256\" height=\"32\" width=\"32\" xmlns=\"http:\/\/www.w3.org\/2000\/svg\"><path d=\"M224.49,136.49l-72,72a12,12,0,0,1-17-17L187,140H40a12,12,0,0,1,0-24H187L135.51,64.48a12,12,0,0,1,17-17l72,72A12,12,0,0,1,224.49,136.49Z\"><\/path><\/svg><\/span><\/a>\n<\/div>\n<\/div>\n\n\n\n<div class=\"gbp--box-shadow gb-element-4486f4a8\">\n<img loading=\"lazy\" decoding=\"async\" width=\"768\" height=\"576\" class=\"gbp--border-radius gb-media-720894f8\" src=\"https:\/\/sites.generatepress.com\/bookkeeping\/wp-content\/uploads\/sites\/151\/carrie-allen-www-carrieallen-com-IXbUjYOjtf8-unsplash-768x576.jpg\" title=\"carrie-allen-www-carrieallen-com-IXbUjYOjtf8-unsplash\"\/>\n\n\n\n<div class=\"gbp--border-radius gb-element-f1f96798\">\n<h3 class=\"gb-text\">Infraestructura TI (Redes y Servidores)<\/h3>\n\n\n\n<p class=\"gb-text\">Dise\u00f1o, implementaci\u00f3n y soporte de redes y servidores para operaci\u00f3n continua.<\/p>\n\n\n\n<a class=\"gbp-button--tertiary\" href=\"https:\/\/nalasys.mx\/?page_id=486\"><span class=\"gb-text\">Ver mas<\/span><span class=\"gb-shape\"><svg viewBox=\"0 0 256 256\" height=\"32\" width=\"32\" xmlns=\"http:\/\/www.w3.org\/2000\/svg\"><path d=\"M224.49,136.49l-72,72a12,12,0,0,1-17-17L187,140H40a12,12,0,0,1,0-24H187L135.51,64.48a12,12,0,0,1,17-17l72,72A12,12,0,0,1,224.49,136.49Z\"><\/path><\/svg><\/span><\/a>\n<\/div>\n<\/div>\n\n\n\n<div class=\"gbp--box-shadow gb-element-8756f2e1\">\n<img loading=\"lazy\" decoding=\"async\" width=\"768\" height=\"576\" class=\"gbp--border-radius gb-media-5fda0045\" src=\"https:\/\/sites.generatepress.com\/bookkeeping\/wp-content\/uploads\/sites\/151\/simon-kadula-gkndM1GvSA-unsplash-768x576.jpg\" title=\"simon-kadula--gkndM1GvSA-unsplash\"\/>\n\n\n\n<div class=\"gbp--border-radius gb-element-5766d47f\">\n<h3 class=\"gb-text\">Desarrollo Web y manejo de redes sociales<\/h3>\n\n\n\n<p class=\"gb-text\">Host, dominios y creaci\u00f3n de sitios, as\u00ed como marketing digital y manejo de redes<\/p>\n\n\n\n<a class=\"gbp-button--tertiary\" href=\"https:\/\/nalasys.mx\/?page_id=486\"><span class=\"gb-text\">Ver mas<\/span><span class=\"gb-shape\"><svg viewBox=\"0 0 256 256\" height=\"32\" width=\"32\" xmlns=\"http:\/\/www.w3.org\/2000\/svg\"><path d=\"M224.49,136.49l-72,72a12,12,0,0,1-17-17L187,140H40a12,12,0,0,1,0-24H187L135.51,64.48a12,12,0,0,1,17-17l72,72A12,12,0,0,1,224.49,136.49Z\"><\/path><\/svg><\/span><\/a>\n<\/div>\n<\/div>\n<\/div>\n<\/div>\n<\/div>\n\n\n\n<div class=\"gbp-section gb-element-16447550 alignfull\">\n<span class=\"gb-shape gb-shape-2003ce64 gb-shape--divider\"><svg viewBox=\"0 0 400 27\" xmlns=\"http:\/\/www.w3.org\/2000\/svg\" preserveAspectRatio=\"none\"><path d=\"M400 27H0v-.5h342.71c2.46 0 4.89-.57 7.1-1.66L400 0v27Z\"><\/path><\/svg><\/span>\n\n\n\n<div class=\"gbp-section__inner gb-element-c66b8b0a\">\n<div class=\"gb-element-bb9918f2\">\n<div class=\"gb-element-d8e854a7\">\n<p class=\"gb-text gbp-section__tagline gb-text-3fc00cd8\">Nuestro proceso<\/p>\n\n\n\n<h2 class=\"gb-text gb-text-4ebf339f\">C\u00f3mo trabajamos contigo<\/h2>\n\n\n\n<p class=\"gb-text gbp-section__text--lg gb-text-b2d450be\">Conoce como operamos en Nala Systems<\/p>\n<\/div>\n\n\n\n<div>\n<div class=\"gb-element-c4aa82d6\">\n<div class=\"gb-element-19e92d6f\">\n<span class=\"gb-shape gb-shape-4e4e8b10\"><svg xmlns=\"http:\/\/www.w3.org\/2000\/svg\" width=\"32\" height=\"32\" viewBox=\"0 0 256 256\"><path d=\"M128,20A108,108,0,1,0,236,128,108.12,108.12,0,0,0,128,20Zm0,192a84,84,0,1,1,84-84A84.09,84.09,0,0,1,128,212ZM144,80v96a12,12,0,0,1-24,0V102.42L114.66,106a12,12,0,0,1-13.32-20l24-16A12,12,0,0,1,144,80Z\"><\/path><\/svg><\/span>\n<\/div>\n\n\n\n<div>\n<h3 class=\"gb-text gb-text-8632d30b\">Paso 1: Diagn\u00f3stico<\/h3>\n\n\n\n<p class=\"gb-text gb-text-9c50b164\">Analizamos tu operaci\u00f3n y detectamos riesgos y oportunidades.<\/p>\n<\/div>\n<\/div>\n\n\n\n<div class=\"gb-element-2ad3e086\">\n<div class=\"gb-element-20c6585f\">\n<span class=\"gb-shape gb-shape-2eebd3f6\"><svg xmlns=\"http:\/\/www.w3.org\/2000\/svg\" width=\"32\" height=\"32\" viewBox=\"0 0 256 256\"><path d=\"M128,20A108,108,0,1,0,236,128,108.12,108.12,0,0,0,128,20Zm0,192a84,84,0,1,1,84-84A84.09,84.09,0,0,1,128,212Zm28.75-86.33L128,164h24a12,12,0,0,1,0,24H104a12,12,0,0,1-9.6-19.2l43.17-57.56A12,12,0,1,0,116.68,100a12,12,0,0,1-22.63-8,36.3,36.3,0,0,1,5.2-9.67,36,36,0,0,1,57.5,43.34Z\"><\/path><\/svg><\/span>\n<\/div>\n\n\n\n<div>\n<h3 class=\"gb-text gb-text-e212c88f\">Paso 2: Propuesta<\/h3>\n\n\n\n<p class=\"gb-text gb-text-6285c474\">Dise\u00f1amos una soluci\u00f3n clara, con alcance, tiempos y costo.<\/p>\n<\/div>\n<\/div>\n\n\n\n<div class=\"gb-element-cf2d6d79\">\n<div class=\"gb-element-5acd8455\">\n<span class=\"gb-shape gb-shape-5951415c\"><svg xmlns=\"http:\/\/www.w3.org\/2000\/svg\" width=\"32\" height=\"32\" viewBox=\"0 0 256 256\"><path d=\"M128,20A108,108,0,1,0,236,128,108.12,108.12,0,0,0,128,20Zm0,192a84,84,0,1,1,84-84A84.09,84.09,0,0,1,128,212Zm36-60a40,40,0,0,1-68.57,28,12,12,0,1,1,17.14-16.79A16,16,0,1,0,124,136a12,12,0,0,1-9.83-18.88L129,96H104a12,12,0,0,1,0-24h48a12,12,0,0,1,9.83,18.88l-18.34,26.2A40,40,0,0,1,164,152Z\"><\/path><\/svg><\/span>\n<\/div>\n\n\n\n<div>\n<h3 class=\"gb-text gb-text-ce3a110b\">Paso 3: Implementaci\u00f3n y seguimiento<\/h3>\n\n\n\n<p class=\"gb-text gb-text-2d910756\">Ejecutamos, documentamos y damos soporte continuo.<\/p>\n<\/div>\n<\/div>\n<\/div>\n<\/div>\n<\/div>\n<\/div>\n\n\n\n<div class=\"gbp-section gb-element-87e0306a\">\n<div class=\"gbp-section__inner gb-element-d73f6bbb\">\n<div class=\"gb-element-06396e6b\">\n<div class=\"gb-element-c087e086\"><\/div>\n\n\n\n<div class=\"gb-element-f5183e87\">\n<h2 class=\"gb-text gb-text-a5b2f665\">Tu operaci\u00f3n no puede detenerse. Nosotros nos encargamos de que funcione.<\/h2>\n\n\n\n<p class=\"gb-text gb-text-8d7ab73d\">En Nala Systems entendemos que cada falla tecnol\u00f3gica impacta directamente en tu operaci\u00f3n.<br>Por eso no solo resolvemos problemas, implementamos soluciones que previenen riesgos, optimizan procesos y garantizan continuidad en tu empresa.<br>Ya sea soporte TI, infraestructura, ASPEL o desarrollo web, te acompa\u00f1amos desde el diagn\u00f3stico hasta la operaci\u00f3n continua.<\/p>\n\n\n\n<a class=\"gb-text gbp-button--secondary gb-text-1ea3a8a1\" href=\"https:\/\/nalasys.mx\/?page_id=486\">Solicitar diagn\u00f3stico<\/a>\n\n\n\n<div class=\"gbp--border-radius gb-element-8fe5a2cc\">\n<span class=\"gb-shape gb-shape-9adc4c74\"><svg viewBox=\"0 0 256 256\" height=\"32\" width=\"32\" xmlns=\"http:\/\/www.w3.org\/2000\/svg\"><path d=\"M224,154.8l-47.09-21.11-.18-.08a19.94,19.94,0,0,0-19,1.75,13.08,13.08,0,0,0-1.12.84l-22.31,19c-13-7.05-26.43-20.37-33.49-33.21l19.06-22.66a11.76,11.76,0,0,0,.85-1.15,20,20,0,0,0,1.66-18.83,1.42,1.42,0,0,1-.08-.18L101.2,32A20.06,20.06,0,0,0,80.42,20.15,60.27,60.27,0,0,0,28,80c0,81.61,66.39,148,148,148a60.27,60.27,0,0,0,59.85-52.42A20.06,20.06,0,0,0,224,154.8ZM176,204A124.15,124.15,0,0,1,52,80,36.29,36.29,0,0,1,80.48,44.46l18.82,42L80.14,109.28a12,12,0,0,0-.86,1.16A20,20,0,0,0,78,130.08c9.42,19.28,28.83,38.56,48.31,48A20,20,0,0,0,146,176.63a11.63,11.63,0,0,0,1.11-.85l22.43-19.07,42,18.81A36.29,36.29,0,0,1,176,204Z\"><\/path><\/svg><\/span>\n\n\n\n<div>\n<p class=\"gb-text gbp-section__text--lg gb-text-e27f708e\">Atenci\u00f3n directa con un especialista<\/p>\n\n\n\n<h3 class=\"gb-text gb-text-71699992\">5565053691<\/h3>\n<\/div>\n<\/div>\n<\/div>\n<\/div>\n<\/div>\n<\/div>\n\n\n\n<div class=\"gbp-mega-menu gb-element-4fbbec21\">\n<h2 class=\"wp-block-heading has-accent-color has-text-color has-link-color wp-elements-8fa748e3aecde2150da3c418b39cf578\">\u00bfPor qu\u00e9 elegir Nala Systems?<\/h2>\n\n\n\n<h3 class=\"wp-block-heading has-text-align-center has-contrast-color has-text-color has-link-color wp-elements-7f229e1c945f91ad6065de1e00036c6b\">Implementamos sistemas y soluciones integrales y personalizadas para cada operaci\u00f3n<\/h3>\n\n\n\n<ul class=\"gbp-mega-menu__list gb-element-cc912f67\">\n<li>\n<a class=\"gbp-mega-menu__link gb-element-4599d7c1\" href=\"#\">\n<h6 class=\"gb-text gb-text-1551ab41\">Flexibilidad operativa<\/h6>\n\n\n\n<span class=\"gb-shape gb-shape-f1109c0f\"><svg viewBox=\"0 0 256 256\" xmlns=\"http:\/\/www.w3.org\/2000\/svg\"><path d=\"M0 0h256v256H0z\" fill=\"none\"><\/path><path d=\"M152 32v56h56\" stroke-width=\"12\" stroke-linejoin=\"round\" stroke-linecap=\"round\" stroke=\"currentColor\" fill=\"none\"><\/path><path d=\"M176 224h24a8 8 0 0 0 8-8V88l-56-56H56a8 8 0 0 0-8 8v88\" stroke-width=\"12\" stroke-linejoin=\"round\" stroke-linecap=\"round\" stroke=\"currentColor\" fill=\"none\"><\/path><path d=\"M65.66 168H60a28 28 0 0 0 0 56h48a44 44 0 1 0-43.82-48\" stroke-width=\"12\" stroke-linejoin=\"round\" stroke-linecap=\"round\" stroke=\"currentColor\" fill=\"none\"><\/path><\/svg><\/span>\n\n\n\n<p class=\"gb-text gb-text-961c991b\">A longer and more detailed menu item description<\/p>\n<\/a>\n<\/li>\n\n\n\n<li>\n<a class=\"gbp-mega-menu__link gb-element-6b12bfcc\" href=\"#\">\n<h5 class=\"gb-text gb-text-f47e499e\">Soporte especializado <\/h5>\n\n\n\n<span class=\"gb-shape gb-shape-f31114a5\"><svg xmlns=\"http:\/\/www.w3.org\/2000\/svg\" viewBox=\"0 0 256 256\"><path fill=\"none\" d=\"M0 0h256v256H0z\"><\/path><path fill=\"none\" stroke=\"currentColor\" stroke-linecap=\"round\" stroke-linejoin=\"round\" stroke-width=\"12\" d=\"M24 136a8 8 0 0 1-7.16-11.58l40-80A8 8 0 0 1 64 40h128a8 8 0 0 1 7.16 4.42l40 80A8 8 0 0 1 232 136ZM72 104h112M128 136v80M96 216h64\"><\/path><\/svg><\/span>\n\n\n\n<p class=\"gb-text gb-text-ffe4e476\">A longer and more detailed menu item description<\/p>\n<\/a>\n<\/li>\n\n\n\n<li>\n<a class=\"gbp-mega-menu__link gb-element-aed2486a\" href=\"#\">\n<h5 class=\"gb-text gb-text-45b20338\">Atenci\u00f3n directa y continuidad <\/h5>\n\n\n\n<span class=\"gb-shape gb-shape-d25071b7\"><svg xmlns=\"http:\/\/www.w3.org\/2000\/svg\" viewBox=\"0 0 256 256\"><path fill=\"none\" d=\"M0 0h256v256H0z\"><\/path><path fill=\"none\" stroke=\"currentColor\" stroke-linecap=\"round\" stroke-linejoin=\"round\" stroke-width=\"12\" d=\"M96 152H56M160 144V24h32\"><\/path><path fill=\"none\" stroke=\"currentColor\" stroke-linecap=\"round\" stroke-linejoin=\"round\" stroke-width=\"12\" d=\"M232 176v-60a52 52 0 0 0-52-52H76a52 52 0 0 1 52 52v68h96a8 8 0 0 0 8-8Z\"><\/path><path fill=\"none\" stroke=\"currentColor\" stroke-linecap=\"round\" stroke-linejoin=\"round\" stroke-width=\"12\" d=\"M128 224v-40H32a8 8 0 0 1-8-8v-60a52 52 0 0 1 52-52\"><\/path><\/svg><\/span>\n\n\n\n<p class=\"gb-text gb-text-2ce16594\">A longer and more detailed menu item description<\/p>\n<\/a>\n<\/li>\n<\/ul>\n<\/div>\n","protected":false},"excerpt":{"rendered":"<p>Solucionamos la operaci\u00f3n tecnol\u00f3gica de tu empresa Infraestructura TI, soporte t\u00e9cnico especializado, facturaci\u00f3n con sistemasASPEL, redes y desarrollo web en un solo proveedor. Solicitar diagn\u00f3stico Ver servicios Soporte TI especializado y Seguridad para tu empresa Te brindamos apoyo integral para que no pare tu operaci\u00f3n Desarrollo web y marketing profesional Desarrollamos tu sitio y tu &#8230; <a title=\"Inicio\" class=\"read-more\" href=\"https:\/\/nalasys.mx\/\" aria-label=\"Leer m\u00e1s sobre Inicio\">Leer m\u00e1s<\/a><\/p>\n","protected":false},"author":1,"featured_media":0,"parent":0,"menu_order":0,"comment_status":"closed","ping_status":"closed","template":"","meta":{"footnotes":""},"class_list":["post-39740","page","type-page","status-publish"],"_links":{"self":[{"href":"https:\/\/nalasys.mx\/index.php?rest_route=\/wp\/v2\/pages\/39740","targetHints":{"allow":["GET"]}}],"collection":[{"href":"https:\/\/nalasys.mx\/index.php?rest_route=\/wp\/v2\/pages"}],"about":[{"href":"https:\/\/nalasys.mx\/index.php?rest_route=\/wp\/v2\/types\/page"}],"author":[{"embeddable":true,"href":"https:\/\/nalasys.mx\/index.php?rest_route=\/wp\/v2\/users\/1"}],"replies":[{"embeddable":true,"href":"https:\/\/nalasys.mx\/index.php?rest_route=%2Fwp%2Fv2%2Fcomments&post=39740"}],"version-history":[{"count":75,"href":"https:\/\/nalasys.mx\/index.php?rest_route=\/wp\/v2\/pages\/39740\/revisions"}],"predecessor-version":[{"id":47189,"href":"https:\/\/nalasys.mx\/index.php?rest_route=\/wp\/v2\/pages\/39740\/revisions\/47189"}],"wp:attachment":[{"href":"https:\/\/nalasys.mx\/index.php?rest_route=%2Fwp%2Fv2%2Fmedia&parent=39740"}],"curies":[{"name":"wp","href":"https:\/\/api.w.org\/{rel}","templated":true}]}}